{"id":6586,"date":"2025-11-24T19:16:03","date_gmt":"2025-11-24T18:16:03","guid":{"rendered":"https:\/\/wmoller.de\/?page_id=6586"},"modified":"2025-11-29T17:09:13","modified_gmt":"2025-11-29T16:09:13","slug":"shop-auftraege","status":"publish","type":"page","link":"https:\/\/wmoller.de\/index.php\/shop-auftraege\/","title":{"rendered":"Shop &#038; Auftr\u00e4ge"},"content":{"rendered":"\t\t<div data-elementor-type=\"wp-page\" data-elementor-id=\"6586\" class=\"elementor elementor-6586\">\n\t\t\t\t<div class=\"elementor-element elementor-element-44b0e484 e-flex e-con-boxed e-con e-parent\" data-id=\"44b0e484\" data-element_type=\"container\" data-e-type=\"container\">\n\t\t\t\t\t<div class=\"e-con-inner\">\n\t\t\t\t<div class=\"elementor-element elementor-element-1e8edfc2 elementor-widget elementor-widget-heading\" data-id=\"1e8edfc2\" data-element_type=\"widget\" data-e-type=\"widget\" data-widget_type=\"heading.default\">\n\t\t\t\t<div class=\"elementor-widget-container\">\n\t\t\t\t\t<h2 class=\"elementor-heading-title elementor-size-default\"><span>Meine Bilder k\u00e4uflich erwerben<\/span>\nShop<\/h2>\t\t\t\t<\/div>\n\t\t\t\t<\/div>\n\t\t\t\t\t<\/div>\n\t\t\t\t<\/div>\n\t\t<div class=\"elementor-element elementor-element-2d94d834 e-flex e-con-boxed e-con e-parent\" data-id=\"2d94d834\" data-element_type=\"container\" data-e-type=\"container\">\n\t\t\t\t\t<div class=\"e-con-inner\">\n\t\t\t\t<div class=\"elementor-element elementor-element-2f9ca97a elementor-widget elementor-widget-text-editor\" data-id=\"2f9ca97a\" data-element_type=\"widget\" data-e-type=\"widget\" data-widget_type=\"text-editor.default\">\n\t\t\t\t<div class=\"elementor-widget-container\">\n\t\t\t\t\t\t\t\t\t<p>Alle meine Bilder k\u00f6nnen als Wandbild, egal ob Leinwand, Alu-Dibond, Alu-Verbund, Acryl, etc. bei mir bestellt werden. Auch Posterprints oder Gallery Prints k\u00f6nnen k\u00e4uftlich erworben werden. Dazu einfach per Kontaktformular bei mir melden, ich werde mich so schnell wie m\u00f6glich um die Anfrage k\u00fcmmern.\u00a0<\/p><p>Der Grund, warum ich die Prints nicht direkt \u00fcber einen Shop vertreibe, ist relativ simpel: Jeder Druck bzw. Belichtungs-Untergrund ist anders &#8211; entsprechend dem Wunsch wird die Druckdatei perfekt an das finale Produkt angepasst.<\/p>\t\t\t\t\t\t\t\t<\/div>\n\t\t\t\t<\/div>\n\t\t\t\t<div class=\"elementor-element elementor-element-5269beab elementor-widget elementor-widget-image\" data-id=\"5269beab\" data-element_type=\"widget\" data-e-type=\"widget\" data-widget_type=\"image.default\">\n\t\t\t\t<div class=\"elementor-widget-container\">\n\t\t\t\t\t\t\t\t\t\t\t\t<figure class=\"wp-caption\">\n\t\t\t\t\t\t\t\t\t\t<img fetchpriority=\"high\" decoding=\"async\" width=\"768\" height=\"432\" src=\"https:\/\/wmoller.de\/wp-content\/uploads\/Blog\/Foto-24.11.25-17-48-16-768x432.jpg\" class=\"attachment-medium_large size-medium_large wp-image-6615\" alt=\"\" srcset=\"https:\/\/wmoller.de\/wp-content\/uploads\/Blog\/Foto-24.11.25-17-48-16-768x432.jpg 768w, https:\/\/wmoller.de\/wp-content\/uploads\/Blog\/Foto-24.11.25-17-48-16-300x169.jpg 300w, https:\/\/wmoller.de\/wp-content\/uploads\/Blog\/Foto-24.11.25-17-48-16-1024x576.jpg 1024w, https:\/\/wmoller.de\/wp-content\/uploads\/Blog\/Foto-24.11.25-17-48-16-1536x864.jpg 1536w, https:\/\/wmoller.de\/wp-content\/uploads\/Blog\/Foto-24.11.25-17-48-16-2048x1152.jpg 2048w, https:\/\/wmoller.de\/wp-content\/uploads\/Blog\/Foto-24.11.25-17-48-16-1920x1080.jpg 1920w, https:\/\/wmoller.de\/wp-content\/uploads\/Blog\/Foto-24.11.25-17-48-16-960x540.jpg 960w\" sizes=\"(max-width: 768px) 100vw, 768px\" \/>\t\t\t\t\t\t\t\t\t\t\t<figcaption class=\"widget-image-caption wp-caption-text\">Eines meiner Lieblingsbilder aus 2014 - Leinwand 200x80cm<\/figcaption>\n\t\t\t\t\t\t\t\t\t\t<\/figure>\n\t\t\t\t\t\t\t\t\t<\/div>\n\t\t\t\t<\/div>\n\t\t\t\t<div class=\"elementor-element elementor-element-7e626b71 elementor-widget elementor-widget-text-editor\" data-id=\"7e626b71\" data-element_type=\"widget\" data-e-type=\"widget\" data-widget_type=\"text-editor.default\">\n\t\t\t\t<div class=\"elementor-widget-container\">\n\t\t\t\t\t\t\t\t\t<p>Auch gibt es dieses Jahr seit langem endlich wieder einen Kalender f\u00fcr 2026. Als Motive dienen diesmal Tiere, welche ich alle in unserem Heimatlandkreis Tirschenreuth aufgenommen habe.<\/p><p>Diesen, auf hochwertigen Fotopapier gedruckten Kalender gibt es f\u00fcr 25\u20ac (+ Versand) direkt bei mir oder auch auf der Dorfweihnacht in R\u00f6thenbach am Steinwald am 14.12.25<\/p>\t\t\t\t\t\t\t\t<\/div>\n\t\t\t\t<\/div>\n\t\t\t\t<div class=\"elementor-element elementor-element-049d50d elementor-widget elementor-widget-image\" data-id=\"049d50d\" data-element_type=\"widget\" data-e-type=\"widget\" data-widget_type=\"image.default\">\n\t\t\t\t<div class=\"elementor-widget-container\">\n\t\t\t\t\t\t\t\t\t\t\t\t<figure class=\"wp-caption\">\n\t\t\t\t\t\t\t\t\t\t<img decoding=\"async\" width=\"768\" height=\"569\" src=\"https:\/\/wmoller.de\/wp-content\/uploads\/Blog\/Screenshot-2025-11-09-161814-768x569.jpg\" class=\"attachment-medium_large size-medium_large wp-image-6619\" alt=\"\" srcset=\"https:\/\/wmoller.de\/wp-content\/uploads\/Blog\/Screenshot-2025-11-09-161814-768x569.jpg 768w, https:\/\/wmoller.de\/wp-content\/uploads\/Blog\/Screenshot-2025-11-09-161814-300x222.jpg 300w, https:\/\/wmoller.de\/wp-content\/uploads\/Blog\/Screenshot-2025-11-09-161814-1024x759.jpg 1024w, https:\/\/wmoller.de\/wp-content\/uploads\/Blog\/Screenshot-2025-11-09-161814-960x711.jpg 960w, https:\/\/wmoller.de\/wp-content\/uploads\/Blog\/Screenshot-2025-11-09-161814.jpg 1158w\" sizes=\"(max-width: 768px) 100vw, 768px\" \/>\t\t\t\t\t\t\t\t\t\t\t<figcaption class=\"widget-image-caption wp-caption-text\">Mein neuer Kalender f\u00fcr 2026 - Wildlife aus der Heimat<\/figcaption>\n\t\t\t\t\t\t\t\t\t\t<\/figure>\n\t\t\t\t\t\t\t\t\t<\/div>\n\t\t\t\t<\/div>\n\t\t\t\t\t<\/div>\n\t\t\t\t<\/div>\n\t\t<div class=\"elementor-element elementor-element-fd489c2 e-flex e-con-boxed e-con e-parent\" data-id=\"fd489c2\" data-element_type=\"container\" data-e-type=\"container\">\n\t\t\t\t\t<div class=\"e-con-inner\">\n\t\t\t\t<div class=\"elementor-element elementor-element-112af59 elementor-widget elementor-widget-heading\" data-id=\"112af59\" data-element_type=\"widget\" data-e-type=\"widget\" data-widget_type=\"heading.default\">\n\t\t\t\t<div class=\"elementor-widget-container\">\n\t\t\t\t\t<h2 class=\"elementor-heading-title elementor-size-default\"><span>Mich f\u00fcr Fotoarbeiten beauftragen<\/span>\nAUFTR\u00c4GE<\/h2>\t\t\t\t<\/div>\n\t\t\t\t<\/div>\n\t\t\t\t\t<\/div>\n\t\t\t\t<\/div>\n\t\t<div class=\"elementor-element elementor-element-c7dbbd3 e-grid e-con-boxed e-con e-parent\" data-id=\"c7dbbd3\" data-element_type=\"container\" data-e-type=\"container\">\n\t\t\t\t\t<div class=\"e-con-inner\">\n\t\t\t\t<div class=\"elementor-element elementor-element-29beab8 elementor-widget elementor-widget-text-editor\" data-id=\"29beab8\" data-element_type=\"widget\" data-e-type=\"widget\" data-widget_type=\"text-editor.default\">\n\t\t\t\t<div class=\"elementor-widget-container\">\n\t\t\t\t\t\t\t\t\t<p>Gerne fotografiere ich auch nach Ihren Sonderw\u00fcnschen &#8211; meine Themenbereiche hierf\u00fcr umfassen folgende\u00a0<\/p><ul><li>Landschaften<\/li><li>Panoramafotografie (z.B. f\u00fcr 360\u00b0 Innenr\u00e4ume, oder gro\u00dfformatige Landschaften, etc.)<\/li><li>Tierfotografie (z.B. Hunde)<\/li><\/ul><p>F\u00fcr Personen \/ P\u00e4rchen \/ Hochzeit \/ Taufe bin ich nicht Ihr richtiger Ansprechpartner; gerne leite ich aber Ihr Anliegen diesbez\u00fcglich an die richtigen Kolleginnen\/Kollegen weiter!\u00a0<\/p>\t\t\t\t\t\t\t\t<\/div>\n\t\t\t\t<\/div>\n\t\t\t\t\t<\/div>\n\t\t\t\t<\/div>\n\t\t\t\t<section class=\"elementor-section elementor-top-section elementor-element elementor-element-11e38d1 elementor-section-boxed elementor-section-height-default elementor-section-height-default\" data-id=\"11e38d1\" data-element_type=\"section\" data-e-type=\"section\">\n\t\t\t\t\t\t<div class=\"elementor-container elementor-column-gap-default\">\n\t\t\t\t\t<div class=\"elementor-column elementor-col-33 elementor-top-column elementor-element elementor-element-c764aca\" data-id=\"c764aca\" data-element_type=\"column\" data-e-type=\"column\">\n\t\t\t<div class=\"elementor-widget-wrap elementor-element-populated\">\n\t\t\t\t\t\t<div class=\"elementor-element elementor-element-cb8cbdc elementor-widget elementor-widget-heading\" data-id=\"cb8cbdc\" data-element_type=\"widget\" data-e-type=\"widget\" data-widget_type=\"heading.default\">\n\t\t\t\t<div class=\"elementor-widget-container\">\n\t\t\t\t\t<h4 class=\"elementor-heading-title elementor-size-default\"><span>Kontakt und Socials<\/span>Dein Kontakt zu mir:<\/h4>\t\t\t\t<\/div>\n\t\t\t\t<\/div>\n\t\t\t\t<div class=\"elementor-element elementor-element-5b5406f elementor-widget elementor-widget-wp-widget-shadow_contacts_widget\" data-id=\"5b5406f\" data-element_type=\"widget\" data-e-type=\"widget\" data-widget_type=\"wp-widget-shadow_contacts_widget.default\">\n\t\t\t\t<div class=\"elementor-widget-container\">\n\t\t\t\t\t<div class=\"ashade-widget--contacts\">\n\t\t<ul class=\"ashade-contact-details__list has-labels\">\n\t<li>\n\t\t\t\t<i class=\"ashade-contact-icon asiade-icon--email\"><\/i>\n\t\t\t\t<a href=\"mailto:wmoller@wmoller.de\">wmoller@wmoller.de<\/a>\n\t\t\t<\/li><li>\n\t\t\t\t<i class=\"ashade-contact-icon asiade-icon--phone\"><\/i>\n\t\t\t\t<a href=\"tel:+49096816197924\">+49 (0)9681 -6197924<\/a>\n\t\t\t<\/li><li class=\"ashade-contact-socials\">\n\t\t\t\t<i class=\"ashade-contact-icon asiade-icon--socials\"><\/i>\n\t\t\t\t\t<a class=\"ashade-social--facebook is-icon\" href=\"https:\/\/www.facebook.com\/profile.php?id=100063479195151\" target=\"_blank\"><svg xmlns=\"http:\/\/www.w3.org\/2000\/svg\" width=\"100\" height=\"100\" viewBox=\"0 0 100 100\">\n\t\t\t\t\t\t\t\t<path id=\"facebook-square\" d=\"M89.286,32H10.714A10.714,10.714,0,0,0,0,42.714v78.571A10.714,10.714,0,0,0,10.714,132H41.35V98H27.288V82H41.35V69.8c0-13.873,8.259-21.536,20.908-21.536a85.193,85.193,0,0,1,12.393,1.08V62.964h-6.98c-6.877,0-9.022,4.268-9.022,8.645V82H74L71.547,98H58.65v34H89.286A10.714,10.714,0,0,0,100,121.286V42.714A10.714,10.714,0,0,0,89.286,32Z\" transform=\"translate(0 -32)\" fill=\"#fff\"\/>\n\t\t\t\t\t\t\t<\/svg><\/a>\n\t\t\t\t\t<a class=\"ashade-social--youtube is-icon\" href=\"https:\/\/www.youtube.com\/@user-ef4tt8rq7t\" target=\"_blank\"><svg xmlns=\"http:\/\/www.w3.org\/2000\/svg\" width=\"100\" height=\"100\" viewBox=\"0 0 100 100\">\n\t\t\t\t\t\t\t<path id=\"youtube-square\" d=\"M41.7,69.969l21.25,12.076L41.7,94.121ZM100,42.714v78.571A10.717,10.717,0,0,1,89.286,132H10.714A10.717,10.717,0,0,1,0,121.286V42.714A10.717,10.717,0,0,1,10.714,32H89.286A10.717,10.717,0,0,1,100,42.714ZM90.625,82.067s0-13.3-1.7-19.687a10.189,10.189,0,0,0-7.187-7.232C75.424,53.429,50,53.429,50,53.429s-25.424,0-31.741,1.719a10.189,10.189,0,0,0-7.187,7.232c-1.7,6.362-1.7,19.687-1.7,19.687s0,13.3,1.7,19.688a10.042,10.042,0,0,0,7.187,7.121c6.317,1.7,31.741,1.7,31.741,1.7s25.424,0,31.741-1.719a10.042,10.042,0,0,0,7.188-7.121c1.7-6.362,1.7-19.665,1.7-19.665Z\" transform=\"translate(0 -32)\" fill=\"#fff\"\/>\n\t\t\t\t\t\t  <\/svg><\/a>\n\t\t\t\t\t<a class=\"ashade-social--instagram is-icon\" href=\"https:\/\/www.instagram.com\/werner.moller\/\" target=\"_blank\"><svg xmlns=\"http:\/\/www.w3.org\/2000\/svg\" width=\"100\" height=\"100\" viewBox=\"0 0 100 100\">\n\t\t\t\t\t\t\t<path id=\"instagram-square\" d=\"M90-1080H10a10.011,10.011,0,0,1-10-10v-80a10.011,10.011,0,0,1,10-10H90a10.011,10.011,0,0,1,10,10v80A10.011,10.011,0,0,1,90-1080Zm-39.5-87c-6.679,0-12.606.1-15.469.263-7.005.333-11.851,2.2-15.711,6.04-3.835,3.821-5.7,8.667-6.057,15.711-.352,6.216-.352,24.721,0,30.938.333,7.024,2.2,11.869,6.057,15.71s8.7,5.706,15.711,6.057c2.867.163,8.794.264,15.468.264s12.6-.1,15.468-.264c7.024-.333,11.87-2.2,15.711-6.057,3.836-3.835,5.7-8.681,6.057-15.71.352-6.213.352-24.708,0-30.92-.333-7.024-2.2-11.87-6.057-15.711-3.836-3.836-8.682-5.7-15.711-6.057C63.106-1166.9,57.179-1167,50.5-1167Zm6.638,68.273c-1.4,0-2.747-.014-3.937-.026H53.18c-.971-.01-1.889-.019-2.672-.019s-1.709.009-2.614.018c-1.166.011-2.487.024-3.863.024-5.024,0-12.109-.16-15.625-1.547a12.666,12.666,0,0,1-7.128-7.128c-1.679-4.233-1.586-13.379-1.525-19.431.01-.974.019-1.895.019-2.671s-.009-1.662-.018-2.614c-.058-6.075-.146-15.256,1.523-19.489a12.663,12.663,0,0,1,7.128-7.127c3.505-1.391,10.51-1.552,15.474-1.552,1.4,0,2.746.014,3.936.026h.022c.971.01,1.888.019,2.671.019s1.709-.009,2.614-.018c1.166-.011,2.487-.024,3.863-.024,5.024,0,12.11.161,15.627,1.548a12.666,12.666,0,0,1,7.128,7.127c1.679,4.234,1.586,13.38,1.525,19.431-.01.975-.019,1.9-.019,2.672s.009,1.7.019,2.672c.061,6.058.154,15.212-1.525,19.431a12.671,12.671,0,0,1-7.128,7.128C69.106-1098.888,62.1-1098.727,57.138-1098.727Zm-6.63-50.006a19.246,19.246,0,0,0-19.224,19.225,19.246,19.246,0,0,0,19.224,19.225,19.247,19.247,0,0,0,19.225-19.225A19.247,19.247,0,0,0,50.508-1148.733ZM70.52-1154a4.489,4.489,0,0,0-4.484,4.484,4.489,4.489,0,0,0,4.484,4.484A4.489,4.489,0,0,0,75-1149.52,4.489,4.489,0,0,0,70.52-1154ZM50.508-1117.01a12.512,12.512,0,0,1-12.5-12.5,12.513,12.513,0,0,1,12.5-12.5,12.513,12.513,0,0,1,12.5,12.5A12.513,12.513,0,0,1,50.508-1117.01Z\" transform=\"translate(0 1180)\" fill=\"#fff\"\/>\n\t\t\t\t\t\t  <\/svg><\/a>\n\t\t\t\t\t<a class=\"ashade-social--500px is-icon\" href=\"https:\/\/500px.com\/p\/wmoller?view=photos\" target=\"_blank\"><svg xmlns=\"http:\/\/www.w3.org\/2000\/svg\" width=\"100\" height=\"100\" viewBox=\"0 0 100 100\">\n\t\t\t\t\t\t\t<path id=\"_500px-square\" data-name=\"500px-square\" d=\"M90-1080H10a10.011,10.011,0,0,1-10-10v-80a10.011,10.011,0,0,1,10-10H90a10.011,10.011,0,0,1,10,10v80A10.011,10.011,0,0,1,90-1080Zm-66.308-42.306a3.457,3.457,0,0,0-2.442.871.891.891,0,0,0-.242.726C23.273-1104.344,37.815-1092,54.834-1092a33.7,33.7,0,0,0,24.224-10.256,1.25,1.25,0,0,0,.036-1.38,3.409,3.409,0,0,0-2.494-2,.949.949,0,0,0-.691.276,30.014,30.014,0,0,1-21.3,8.958,29.493,29.493,0,0,1-9.686-1.629,29.081,29.081,0,0,1-8.673-4.784,30.882,30.882,0,0,1-10.851-18.4.923.923,0,0,0-.454-.8A2.368,2.368,0,0,0,23.692-1122.306Zm10.7,2.432a5.11,5.11,0,0,0-1.424.291c-1.025.344-1.518.657-1.7,1.078-.224.516.007,1.2.575,2.436a23.5,23.5,0,0,0,22.373,14.832c12.023,0,24.8-8.547,24.8-24.385,0-15.394-12.631-24.593-24.842-24.593a24.952,24.952,0,0,0-18.179,8.027h-.046v-20.218H69.9c1.263,0,1.263-1.729,1.263-2.3,0-1.525-.425-2.3-1.263-2.3H33.194a1.6,1.6,0,0,0-1.6,1.6v28.417c0,.93,1.172,1.549,2.175,1.8a5.687,5.687,0,0,0,1.2.149,1.958,1.958,0,0,0,1.851-1.065l.009-.013.076-.091a48.313,48.313,0,0,1,3.225-3.636,19.967,19.967,0,0,1,14.224-5.857,19.927,19.927,0,0,1,14.193,5.857,20,20,0,0,1,5.9,14.193,19.876,19.876,0,0,1-5.857,14.148,20.319,20.319,0,0,1-14.287,5.863,19.362,19.362,0,0,1-10.114-2.806c0-3.4-.033-6.17-.062-8.614a71.448,71.448,0,0,1,.244-10.193,9.022,9.022,0,0,1,2.5-5.167,9.762,9.762,0,0,1,7.4-3.346,10.755,10.755,0,0,1,7.153,2.76,9.833,9.833,0,0,1,3.227,7.371,11.178,11.178,0,0,1-.991,5.016,6.96,6.96,0,0,1-2.785,2.98c-2.1,1.245-5.133,1.8-9.824,1.8a.9.9,0,0,0-.254-.037c-.827,0-1.494,1.147-1.7,2.227-.164.851-.076,1.866.663,2.162a16.3,16.3,0,0,0,4.6.675,14.928,14.928,0,0,0,14.952-14.869,14.811,14.811,0,0,0-14.863-14.726c-8.011,0-14.678,6.292-14.863,14.026v14.284h-.046a17.768,17.768,0,0,1-3.7-6.132C35.425-1119.325,35.219-1119.874,34.389-1119.874Zm19.752-2.933h0c.527.519.964.953,1.315,1.3l.022.022c1.624,1.612,1.655,1.643,2.054,1.643a2.67,2.67,0,0,0,1.892-1.463,1.125,1.125,0,0,0-.264-1.306l-2.632-2.633,2.769-2.768a.969.969,0,0,0,.093-1.087,2.636,2.636,0,0,0-2-1.519.757.757,0,0,0-.557.217l-2.722,2.723c-.626-.633-1.108-1.126-1.494-1.523-1.356-1.39-1.409-1.444-1.776-1.444a3.144,3.144,0,0,0-2,1.687.812.812,0,0,0,.112.944l2.768,2.768c-.6.594-1.085,1.067-1.475,1.446-1.412,1.376-1.629,1.588-1.629,1.992a1.846,1.846,0,0,0,.738,1.2c.041.037.074.068.1.093a1.984,1.984,0,0,0,1.292.67h.034c.423,0,.45-.027,1.857-1.453l.008-.008c.387-.393.87-.881,1.493-1.5Zm.661-31.943a28.35,28.35,0,0,1,12.426,2.909,38.106,38.106,0,0,1,7.035,4.506,4.813,4.813,0,0,0,1.282.873,4.2,4.2,0,0,0,2.414-2.217,1.041,1.041,0,0,0-.239-1.251c-8.256-7.883-18.49-9.06-23.856-9.06a32.236,32.236,0,0,0-8.683,1.1c-2.181.633-3.569,1.435-3.712,2.145a4.912,4.912,0,0,0,.975,2.754,1.164,1.164,0,0,0,.865.455,1.044,1.044,0,0,0,.38-.075A31.233,31.233,0,0,1,54.8-1154.751Z\" transform=\"translate(0 1180)\" fill=\"#fff\"\/>\n\t\t\t\t\t\t  <\/svg><\/a><\/li>\t<\/ul>\n<\/div>\t\t\t\t<\/div>\n\t\t\t\t<\/div>\n\t\t\t\t\t<\/div>\n\t\t<\/div>\n\t\t\t\t<div class=\"elementor-column elementor-col-66 elementor-top-column elementor-element elementor-element-71a2bf1\" data-id=\"71a2bf1\" data-element_type=\"column\" data-e-type=\"column\">\n\t\t\t<div class=\"elementor-widget-wrap elementor-element-populated\">\n\t\t\t\t\t\t<div class=\"elementor-element elementor-element-7e19c62 elementor-widget elementor-widget-shortcode\" data-id=\"7e19c62\" data-element_type=\"widget\" data-e-type=\"widget\" data-widget_type=\"shortcode.default\">\n\t\t\t\t<div class=\"elementor-widget-container\">\n\t\t\t\t\t\t\t<div class=\"elementor-shortcode\">\n<div class=\"wpcf7 no-js\" id=\"wpcf7-f1041-o1\" lang=\"en-US\" dir=\"ltr\" data-wpcf7-id=\"1041\">\n<div class=\"screen-reader-response\"><p role=\"status\" aria-live=\"polite\" aria-atomic=\"true\"><\/p> <ul><\/ul><\/div>\n<form action=\"\/index.php\/wp-json\/wp\/v2\/pages\/6586#wpcf7-f1041-o1\" method=\"post\" class=\"wpcf7-form init\" aria-label=\"Contact form\" novalidate=\"novalidate\" data-status=\"init\">\n<fieldset class=\"hidden-fields-container\"><input type=\"hidden\" name=\"_wpcf7\" value=\"1041\" \/><input type=\"hidden\" name=\"_wpcf7_version\" value=\"6.1.5\" \/><input type=\"hidden\" name=\"_wpcf7_locale\" value=\"en_US\" \/><input type=\"hidden\" name=\"_wpcf7_unit_tag\" value=\"wpcf7-f1041-o1\" \/><input type=\"hidden\" name=\"_wpcf7_container_post\" value=\"0\" \/><input type=\"hidden\" name=\"_wpcf7_posted_data_hash\" value=\"\" \/>\n<\/fieldset>\n<div class=\"ashade-row ashade-small-gap\">\n\t<div class=\"ashade-col col-4\">\n\t\t<p><span class=\"wpcf7-form-control-wrap\" data-name=\"your-name\"><input size=\"40\" maxlength=\"400\" class=\"wpcf7-form-control wpcf7-text wpcf7-validates-as-required\" aria-required=\"true\" aria-invalid=\"false\" placeholder=\"Your Name\" value=\"\" type=\"text\" name=\"your-name\" \/><\/span>\n\t\t<\/p>\n\t<\/div>\n\t<div class=\"ashade-col col-4\">\n\t\t<p><span class=\"wpcf7-form-control-wrap\" data-name=\"your-email\"><input size=\"40\" maxlength=\"400\" class=\"wpcf7-form-control wpcf7-email wpcf7-validates-as-required wpcf7-text wpcf7-validates-as-email\" aria-required=\"true\" aria-invalid=\"false\" placeholder=\"Your Email\" value=\"\" type=\"email\" name=\"your-email\" \/><\/span>\n\t\t<\/p>\n\t<\/div>\n\t<div class=\"ashade-col col-4\">\n\t\t<p><span class=\"wpcf7-form-control-wrap\" data-name=\"your-tel\"><input size=\"40\" maxlength=\"400\" class=\"wpcf7-form-control wpcf7-tel wpcf7-validates-as-required wpcf7-text wpcf7-validates-as-tel\" aria-required=\"true\" aria-invalid=\"false\" placeholder=\"Your Phone\" value=\"\" type=\"tel\" name=\"your-tel\" \/><\/span>\n\t\t<\/p>\n\t<\/div>\n<\/div>\n<div class=\"ashade-form-textarea\">\n\t<p><span class=\"wpcf7-form-control-wrap\" data-name=\"your-message\"><textarea cols=\"40\" rows=\"10\" maxlength=\"2000\" class=\"wpcf7-form-control wpcf7-textarea\" aria-invalid=\"false\" placeholder=\"Your Message\" name=\"your-message\"><\/textarea><\/span>\n\t<\/p>\n<\/div>\n<div class=\"align-right\">\n\t<p><input class=\"wpcf7-form-control wpcf7-submit has-spinner\" type=\"submit\" value=\"Send Message\" \/>\n\t<\/p>\n<\/div><div class=\"wpcf7-response-output\" aria-hidden=\"true\"><\/div>\n<\/form>\n<\/div>\n<\/div>\n\t\t\t\t\t\t<\/div>\n\t\t\t\t<\/div>\n\t\t\t\t\t<\/div>\n\t\t<\/div>\n\t\t\t\t\t<\/div>\n\t\t<\/section>\n\t\t\t\t<\/div>\n\t\t","protected":false},"excerpt":{"rendered":"<p>Meine Bilder k\u00e4uflich erwerben Shop Alle meine Bilder k\u00f6nnen als Wandbild, egal ob Leinwand, Alu-Dibond, Alu-Verbund, Acryl, etc. bei mir bestellt werden. Auch Posterprints oder Gallery Prints k\u00f6nnen k\u00e4uftlich erworben werden. Dazu einfach per Kontaktformular bei mir melden, ich werde mich so schnell wie m\u00f6glich um die Anfrage k\u00fcmmern.\u00a0 Der Grund, warum ich die Prints&#8230;<\/p>\n","protected":false},"author":1,"featured_media":0,"parent":0,"menu_order":0,"comment_status":"closed","ping_status":"closed","template":"","meta":{"footnotes":""},"class_list":["post-6586","page","type-page","status-publish","hentry"],"_links":{"self":[{"href":"https:\/\/wmoller.de\/index.php\/wp-json\/wp\/v2\/pages\/6586","targetHints":{"allow":["GET"]}}],"collection":[{"href":"https:\/\/wmoller.de\/index.php\/wp-json\/wp\/v2\/pages"}],"about":[{"href":"https:\/\/wmoller.de\/index.php\/wp-json\/wp\/v2\/types\/page"}],"author":[{"embeddable":true,"href":"https:\/\/wmoller.de\/index.php\/wp-json\/wp\/v2\/users\/1"}],"replies":[{"embeddable":true,"href":"https:\/\/wmoller.de\/index.php\/wp-json\/wp\/v2\/comments?post=6586"}],"version-history":[{"count":41,"href":"https:\/\/wmoller.de\/index.php\/wp-json\/wp\/v2\/pages\/6586\/revisions"}],"predecessor-version":[{"id":6720,"href":"https:\/\/wmoller.de\/index.php\/wp-json\/wp\/v2\/pages\/6586\/revisions\/6720"}],"wp:attachment":[{"href":"https:\/\/wmoller.de\/index.php\/wp-json\/wp\/v2\/media?parent=6586"}],"curies":[{"name":"wp","href":"https:\/\/api.w.org\/{rel}","templated":true}]}}